{"id":28,"date":"2025-09-30T12:54:11","date_gmt":"2025-09-30T12:54:11","guid":{"rendered":"https:\/\/mankkaanlampopumppu.fi\/?page_id=28"},"modified":"2025-09-30T12:54:11","modified_gmt":"2025-09-30T12:54:11","slug":"energian-saastoa-ja-mukavuutta-koteihin","status":"publish","type":"page","link":"https:\/\/mankkaanlampopumppu.fi\/","title":{"rendered":"Energian s\u00e4\u00e4st\u00f6\u00e4 ja mukavuutta koteihin"},"content":{"rendered":"\n<figure class=\"wp-block-image size-large\"><img loading=\"lazy\" decoding=\"async\" width=\"1024\" height=\"683\" src=\"https:\/\/mankkaanlampopumppu.fi\/wp-content\/uploads\/2025\/09\/MSZ-FT_livingroom_dad_kid_FT-front-1-1024x683.jpg\" alt=\"\" class=\"wp-image-30\" srcset=\"https:\/\/mankkaanlampopumppu.fi\/wp-content\/uploads\/2025\/09\/MSZ-FT_livingroom_dad_kid_FT-front-1-1024x683.jpg 1024w, https:\/\/mankkaanlampopumppu.fi\/wp-content\/uploads\/2025\/09\/MSZ-FT_livingroom_dad_kid_FT-front-1-300x200.jpg 300w, https:\/\/mankkaanlampopumppu.fi\/wp-content\/uploads\/2025\/09\/MSZ-FT_livingroom_dad_kid_FT-front-1-768x512.jpg 768w, https:\/\/mankkaanlampopumppu.fi\/wp-content\/uploads\/2025\/09\/MSZ-FT_livingroom_dad_kid_FT-front-1-1536x1024.jpg 1536w, https:\/\/mankkaanlampopumppu.fi\/wp-content\/uploads\/2025\/09\/MSZ-FT_livingroom_dad_kid_FT-front-1-2048x1365.jpg 2048w\" sizes=\"auto, (max-width: 1024px) 100vw, 1024px\" \/><\/figure>\n\n\n\n<p><strong>Mitsubishi electric ja Gree ilmal\u00e4mp\u00f6pumput sinulle edullisimmalla ratkaisulla.<\/strong><\/p>\n\n\n\n<p><strong>Soita tai l\u00e4het\u00e4 vaikka whatsapp-viesti minulle, niin tulen paikan p\u00e4\u00e4lle k\u00e4ym\u00e4\u00e4n ja teen sinulle tarjouksen.<\/strong><\/p>\n\n\n\n<p>Mankkaan l\u00e4mp\u00f6pumppu Oy, Y-2223247-8<\/p>\n\n\n\n<p>Risto Kauhanen<\/p>\n\n\n\n<p>p. 0505127792<\/p>\n\n\n\n<p>risto.kauhanen (at) saunalahti.fi<\/p>\n\n\n\n<figure class=\"wp-block-image size-large\"><img loading=\"lazy\" decoding=\"async\" width=\"1024\" height=\"292\" src=\"https:\/\/mankkaanlampopumppu.fi\/wp-content\/uploads\/2025\/09\/image-1-1024x292.png\" alt=\"\" class=\"wp-image-33\" srcset=\"https:\/\/mankkaanlampopumppu.fi\/wp-content\/uploads\/2025\/09\/image-1-1024x292.png 1024w, https:\/\/mankkaanlampopumppu.fi\/wp-content\/uploads\/2025\/09\/image-1-300x86.png 300w, https:\/\/mankkaanlampopumppu.fi\/wp-content\/uploads\/2025\/09\/image-1-768x219.png 768w, https:\/\/mankkaanlampopumppu.fi\/wp-content\/uploads\/2025\/09\/image-1.png 1065w\" sizes=\"auto, (max-width: 1024px) 100vw, 1024px\" \/><\/figure>\n","protected":false},"excerpt":{"rendered":"<p>Mitsubishi electric ja Gree ilmal\u00e4mp\u00f6pumput sinulle edullisimmalla ratkaisulla. Soita tai l\u00e4het\u00e4 vaikka whatsapp-viesti minulle, niin tulen paikan p\u00e4\u00e4lle k\u00e4ym\u00e4\u00e4n ja [&hellip;]<\/p>\n","protected":false},"author":1,"featured_media":0,"parent":0,"menu_order":0,"comment_status":"closed","ping_status":"closed","template":"","meta":{"site-sidebar-layout":"default","site-content-layout":"","ast-site-content-layout":"default","site-content-style":"default","site-sidebar-style":"default","ast-global-header-display":"","ast-banner-title-visibility":"","ast-main-header-display":"","ast-hfb-above-header-display":"","ast-hfb-below-header-display":"","ast-hfb-mobile-header-display":"","site-post-title":"","ast-breadcrumbs-content":"","ast-featured-img":"","footer-sml-layout":"","theme-transparent-header-meta":"","adv-header-id-meta":"","stick-header-meta":"","header-above-stick-meta":"","header-main-stick-meta":"","header-below-stick-meta":"","astra-migrate-meta-layouts":"default","ast-page-background-enabled":"default","ast-page-background-meta":{"desktop":{"background-color":"var(--ast-global-color-5)","background-image":"","background-repeat":"repeat","background-position":"center center","background-size":"auto","background-attachment":"scroll","background-type":"","background-media":"","overlay-type":"","overlay-color":"","overlay-opacity":"","overlay-gradient":""},"tablet":{"background-color":"","background-image":"","background-repeat":"repeat","background-position":"center center","background-size":"auto","background-attachment":"scroll","background-type":"","background-media":"","overlay-type":"","overlay-color":"","overlay-opacity":"","overlay-gradient":""},"mobile":{"background-color":"","background-image":"","background-repeat":"repeat","background-position":"center center","background-size":"auto","background-attachment":"scroll","background-type":"","background-media":"","overlay-type":"","overlay-color":"","overlay-opacity":"","overlay-gradient":""}},"ast-content-background-meta":{"desktop":{"background-color":"var(--ast-global-color-4)","background-image":"","background-repeat":"repeat","background-position":"center center","background-size":"auto","background-attachment":"scroll","background-type":"","background-media":"","overlay-type":"","overlay-color":"","overlay-opacity":"","overlay-gradient":""},"tablet":{"background-color":"var(--ast-global-color-4)","background-image":"","background-repeat":"repeat","background-position":"center center","background-size":"auto","background-attachment":"scroll","background-type":"","background-media":"","overlay-type":"","overlay-color":"","overlay-opacity":"","overlay-gradient":""},"mobile":{"background-color":"var(--ast-global-color-4)","background-image":"","background-repeat":"repeat","background-position":"center center","background-size":"auto","background-attachment":"scroll","background-type":"","background-media":"","overlay-type":"","overlay-color":"","overlay-opacity":"","overlay-gradient":""}},"footnotes":""},"class_list":["post-28","page","type-page","status-publish","hentry"],"_links":{"self":[{"href":"https:\/\/mankkaanlampopumppu.fi\/index.php\/wp-json\/wp\/v2\/pages\/28","targetHints":{"allow":["GET"]}}],"collection":[{"href":"https:\/\/mankkaanlampopumppu.fi\/index.php\/wp-json\/wp\/v2\/pages"}],"about":[{"href":"https:\/\/mankkaanlampopumppu.fi\/index.php\/wp-json\/wp\/v2\/types\/page"}],"author":[{"embeddable":true,"href":"https:\/\/mankkaanlampopumppu.fi\/index.php\/wp-json\/wp\/v2\/users\/1"}],"replies":[{"embeddable":true,"href":"https:\/\/mankkaanlampopumppu.fi\/index.php\/wp-json\/wp\/v2\/comments?post=28"}],"version-history":[{"count":5,"href":"https:\/\/mankkaanlampopumppu.fi\/index.php\/wp-json\/wp\/v2\/pages\/28\/revisions"}],"predecessor-version":[{"id":35,"href":"https:\/\/mankkaanlampopumppu.fi\/index.php\/wp-json\/wp\/v2\/pages\/28\/revisions\/35"}],"wp:attachment":[{"href":"https:\/\/mankkaanlampopumppu.fi\/index.php\/wp-json\/wp\/v2\/media?parent=28"}],"curies":[{"name":"wp","href":"https:\/\/api.w.org\/{rel}","templated":true}]}}